{"id":297,"date":"2021-12-16T08:22:42","date_gmt":"2021-12-16T08:22:42","guid":{"rendered":"https:\/\/vom-klenna-xiberg.at\/?page_id=297"},"modified":"2021-12-16T08:22:42","modified_gmt":"2021-12-16T08:22:42","slug":"was-zum-nachdenken","status":"publish","type":"page","link":"https:\/\/vom-klenna-xiberg.at\/index.php\/was-zum-nachdenken\/","title":{"rendered":"Was zum Nachdenken"},"content":{"rendered":"\n<p>Das M\u00e4rchen \u2026<\/p>\n\n\n\n<p>Macht sich der K\u00e4ufer jemals klar, was wir ihm \u00fcbergeben ?<br>Er rechnet kurz, bezahlt in bar, ein St\u00fcck aus unserem Leben !<\/p>\n\n\n\n<p>Das M\u00e4rchen wie man sich als Z\u00fcchter eine goldene Nase verdient.<\/p>\n\n\n\n<p>Z\u00fcchter werden ist nicht schwer \u2026<\/p>\n\n\n\n<p>Es war einmal \u2026 ein Hundeliebhaber der mit dem Gedanken spielte mit seiner H\u00fcndin einen Wurf zu z\u00fcchten.<br>Als er seinen Welpen damals beim Z\u00fcchter abholte, fand er die Welpenpreise sehr teuer und hatte sich vorgenommen, zu beweisen, dass man auch g\u00fcnstigere Hunde z\u00fcchten kann.<br>Schlie\u00dflich ist das doch Hobby und eigentlich unversch\u00e4mt, wenn ein Z\u00fcchter soviel Geld daran verdienen will.<\/p>\n\n\n\n<p>Die Voraussetzungen hatte er mit seiner H\u00fcndin geschaffen.<br>Sie hat erfolgreich die Zuchttauglichkeitspr\u00fcfung bestanden.<br>Er nimmt sich vor wie ein guter Gesch\u00e4ftsmann ordentlich Buch zu f\u00fchren und tr\u00e4gt die Ausgaben in ein eigens daf\u00fcr angeschafftes Heftchen ein.<\/p>\n\n\n\n<p>Nun muss der Zwingername noch gesch\u00fctzt werden.<br>Nach einigen schlaflosen, durchdiskutierten N\u00e4chten ist man sich innerhalb der Familie einig.<br>Der Zuchtwart kommt zur Erstbesichtigung der Wurfst\u00e4tte.<br>Es gibt nichts zu beanstanden und er erh\u00e4lt noch einige Tipps zur optimalen Gestaltung des Wurfzimmers und des Auslaufs.<br>Also wird eine Wurfkiste gebaut und eine W\u00e4rmeplatte bestellt, die eine konstante Bodentemperatur gew\u00e4hrleistet.<\/p>\n\n\n\n<p>Eine nicht ganz preiswerte Sache, aber was soll es, wenn wir die Welpen haben, wird sich die Sache schon wieder rechnen, dachte unser Z\u00fcchter.<\/p>\n\n\n\n<p>Nun wird es langsam ernst, denn jetzt muss der passende Deckr\u00fcde gefunden werden.<br>Auf den Ausstellungen hatte er sich schon lange vorher umgesehen und sich den ein oder anderen vorgemerkt.<\/p>\n\n\n\n<p>Die, die ihm besonders gut gefielen sind allerdings leider nicht die, die in unmittelbarer N\u00e4he stehen.<br>Also bespricht er erst mal mit seinem Chef, dass er Urlaub braucht, um zum Decken fahren zu k\u00f6nnen.<br>Den Urlaubsantrag f\u00fcr den geplanten Wurftermin reicht er gleich mit ein.<br>Alles geregelt, jetzt kann es also losgehen.<\/p>\n\n\n\n<p>Wieder stehen einige schlaflose N\u00e4chte an.<br>Ahnentafeln, Zuchttauglichkeitsberichte, Ausstellungsergebnisse und Pr\u00fcfungsergebnisse werden verglichen.<br>War ein passender R\u00fcde gefunden, mussten die Zuchtwerte \u00fcberpr\u00fcft werden.<\/p>\n\n\n\n<p>Passt nicht &#8211; weitersuchen !<\/p>\n\n\n\n<p>Passen die Zuchtwerte, stimmt die Fehlerbelastung des R\u00fcden nicht.<\/p>\n\n\n\n<p>Also gefrustet weitersuchen, so schwer hatte unser Z\u00fcchter sich das nicht vorgestellt.<br>Aber irgendwann stimmte alles \u2013Zuchtwerte, Nachzucht des R\u00fcden, Gesundheit alles ok.<\/p>\n\n\n\n<p>Unser Z\u00fcchter ruft beim Deckr\u00fcdenbesitzer an um sich anzumelden.<br>Der R\u00fcde ist ein hochpr\u00e4mierter Champion und hat bisher eine relativ fehlerfreie Nachzucht.<br>Sogar die K\u00f6rung hat er bestanden.<\/p>\n\n\n\n<p>Aber eine Erstlingsh\u00fcndin- nein- die m\u00f6chte er lieber nicht annehmen.<br>Das k\u00f6nnte seine gute Zuchtstatistik kaputtmachen.<br>Beim zweiten Wurf der H\u00fcndin gerne, wenn man schon wisse, was sie vererbt.<\/p>\n\n\n\n<p>Unser Z\u00fcchter gibt nicht auf.<br>Beim n\u00e4chsten ausgew\u00e4hlten R\u00fcden hat er Gl\u00fcck.<br>Der wohnt zwar fast 800 km weit weg, aber was soll es, der Urlaub ist ja eh eingeplant.<\/p>\n\n\n\n<p>Und endlich ist es soweit, seine H\u00fcndin kommt in die Hitze.<br>Auf geht es zum Tierarzt zur Decktagbestimmung.<br>Nach dreimaligem Tierarztbesuch steht der g\u00fcnstigste Decktag fest und unser Z\u00fcchter macht sich auf die Reise.<br>Er hat f\u00fcr drei Tage ein Hotel gebucht, damit er noch Zeit zum Nachdecken hat.<\/p>\n\n\n\n<p>Alles klappt bestens und stolz f\u00e4hrt er nach Hause, in freudiger Erwartung auf die Tr\u00e4chtigkeit seiner H\u00fcndin.<\/p>\n\n\n\n<p>Inzwischen sieht die Soll-Seite seines Ausgabenbuches schon ziemlich gef\u00fcllt aus, auf der Haben-Seite ist noch g\u00e4hnende Lehre.<br>Das ein Deckakt auch soo teuer ist \u2026 und die ganzen Nebenkosten wie die Fahrt und Hotel, dass h\u00e4tte er wirklich nicht vermutet.<\/p>\n\n\n\n<p>Die Tage verstreichen, die H\u00fcndin wird runder, die 63 Tage Tragezeit ziehen sich in die L\u00e4nge und wollen gar nicht enden.<\/p>\n\n\n\n<p>Der 63 Tag ist erreicht, der Urlaub ist angetreten.<br>Aber die H\u00fcndin macht noch keine Anstalten ihre Welpen zu werfen.<br>Der zu Rate gezogene Zuchtwart beruhigt den unerfahrenen Z\u00fcchter, es kann auch schon mal l\u00e4nger dauern.<br>Vorsichtshalber l\u00e4sst unser Z\u00fcchter aber trotzdem noch mal Ultraschall beim Tierarzt machen und geht beruhigt nach Hause, als dieser ebenfalls best\u00e4tigt, dass alles im gr\u00fcnen Bereich ist.<\/p>\n\n\n\n<p>Am 65 Tag verweigert die H\u00fcndin ihr Futter und beginnt zu hecheln.<br>Endlich- die Geburt beginnt.<br>Sie macht ihre Sache prima und wirf sechs Welpen.<br>Schade- nur sechs ? &#8211; unser Z\u00fcchter hatte doch schon so oft von W\u00fcrfen mit zehn Welpen gelesen.<br>Aber immerhin, sechs ist ja schon mal was und nun kann er ja zumindest von sich behaupten auch ein Z\u00fcchter zu sein.<\/p>\n\n\n\n<p>\u2026 Z\u00fcchter sein dagegen sehr<\/p>\n\n\n\n<p>M\u00fcde aber Gl\u00fccklich, liegt der Z\u00fcchter neben seiner Wurfkiste und betrachtet seine Welpen.<br>Alle liegen schmatzend an den Zitzen der Mutter, ein sch\u00f6nes Bild.<\/p>\n\n\n\n<p>Eigentlich w\u00fcrde unser Z\u00fcchter gerne schlafen, aber er ist unruhig und hat Angst die Welpen aus den Augen zu lassen.<\/p>\n\n\n\n<p>Die Mutter ist ja unerfahren und k\u00f6nnte etwas falsch machen.<br>Aber irgendwann \u00fcbermannt ihn die M\u00fcdigkeit und er schl\u00e4ft nach drei durchwachten N\u00e4chten ein.<\/p>\n\n\n\n<p>Erschreckend wacht er auf, als er aus der Welpenkiste ein Wimmern vernimmt.<br>Die Mutter ist unruhig und stupst mit der Schnauze zwei Welpen herum und versucht sie in Decken zu verbuddeln.<\/p>\n\n\n\n<p>Der Z\u00fcchter legt sie wieder an die Zitzen, aber sie nuckeln nur und saugen nicht richtig.<br>Er ruft seien Zuchtwart an, der sich sofort auf den Weg macht, da er sowieso die Erstbesichtigung des Wurfes vornehmen wollte.<\/p>\n\n\n\n<p>Welche Entt\u00e4uschung !<\/p>\n\n\n\n<p>Der Zuchtwart stellt bei den zwei Welpen eine Hasenscharte und einen Spaltrachen fest, und die kleinen Welpen m\u00fcssen durch den Tierarzt eingeschl\u00e4fert werden, weil sie mit dieser Deformation nicht<br>lebensf\u00e4hig sind.<\/p>\n\n\n\n<p>Das erfahrene Auge des Zuchtwartes sieht bei einem der verbliebenen Welpen dann noch eine Knickrute, die in den ersten drei Lebenstagen durch den Tierarzt amputiert werden muss.<\/p>\n\n\n\n<p>Au weih, so hatte sich unser Z\u00fcchter das eigentlich nicht vorgestellt und fragt sich, wieso das alles gerade ihn treffen muss ?<\/p>\n\n\n\n<p>Noch keine drei Tage vergangen und schon zwei Mal Tierarztkosten.<br>Aber immerhin sind ja noch vier Welpen \u00fcbrig, wenn auch mit amputierter Rute.<br>Der Zuchtwart hatte ihn darauf aufmerksam gemacht, dass man gerade in den ersten Tagen eigentlich rund um die Uhr ein Auge auf die Welpen und die Mutter haben muss, damit die Milch erst<br>mal richtig in Gang kommt und die Welpen gleichm\u00e4\u00dfig trinken und zunehmen und die Mutter keine Ges\u00e4ugeentz\u00fcndung bekommt.<\/p>\n\n\n\n<p>Leichter gesagt als getan.<\/p>\n\n\n\n<p>Inzwischen ist unser Z\u00fcchter doch schon recht m\u00fcde und zerschlagen.<br>Wurflager sauber halten, st\u00e4ndig Decken wechseln, Welpen anlegen, Ges\u00e4uge abf\u00fchlen und Riesenberge, kaum zu bew\u00e4ltigende W\u00e4sche.<\/p>\n\n\n\n<p>Sein normaler Job in der Firma ist dagegen ja ein Kinderspiel.<\/p>\n\n\n\n<p>Und es kommt wie es kommen musste.<\/p>\n\n\n\n<p>Bei all der Arbeit und dem wenigen Schlaf, hat er doch einen kleinen Knoten im Ges\u00e4uge \u00fcbersehen.<br>Milchstau, die Milch kommt nur noch gelb und klebrig aus den beiden hinteren Zitzen, ein sicheres Zeichen daf\u00fcr, dass eine Ges\u00e4ugeentz\u00fcndung naht.<br>Er bem\u00fcht sich mit Quarkumschl\u00e4gen, massieren und k\u00fchlen, die Milchproduktion wieder in Gang zu bekommen.<\/p>\n\n\n\n<p>Vergeblich.<\/p>\n\n\n\n<p>Der Tierarzt r\u00e4t dringend die Welpen abzusetzen und sie weiter mit der Flasche aufzuziehen, da durch das entz\u00fcndete Ges\u00e4uge Bakterien in der Milch sind, die den kleinen Welpen schaden k\u00f6nnen.<br>Also wird Welpenmilch besorgt und wieder einmal das Konto der Soll-Seite In Anspruch genommen.<br>M\u00fchselig, alle vier Stunden rund um die Uhr, f\u00fcttert der Z\u00fcchter nun eifrig seine Hundekinder.<\/p>\n\n\n\n<p>Zwischendurch massiert er weiter das Ges\u00e4uge und macht Quarkumschl\u00e4ge.<br>Bei seinem Chef muss er weiteren Urlaub beantragen, der zum Gl\u00fcck Tierliebhaber ist und Verst\u00e4ndnis f\u00fcr diese Notlage aufweist.<\/p>\n\n\n\n<p>Trotz allem gedeihen die Welpen, es naht der Zeitpunkt, an dem sie ihre erste feste Nahrung probieren d\u00fcrfen.<br>Rindertartar.<br>Der Z\u00fcchter \u00fcberlegt sich beim F\u00fcttern, wann er das letzte Mal Rindertartar gegessen hat, eigentlich nie, denn f\u00fcr ihn war normales Gehacktes immer gut genug.<br>Aber f\u00fcr die Welpen wird nat\u00fcrlich nur das Beste (und leider auch Teuerste) gekauft.<\/p>\n\n\n\n<p>Inzwischen haben sich auch erste Interessenten f\u00fcr die Welpen gemeldet.<br>Sie werden eingeladen sich den Wurf anzusehen, damit man sie pers\u00f6nlich kennen lernen kann.<br>Zum verabredeten Termin wird Kaffee und Kuchen bereitgestellt.<br>Man befragt sie nach ihrer Hundeerfahrung, ihrem Umfeld und was einem sonst noch wichtig erscheint.<br>Die Interessenten wirken schon etwas entnervt und geben zu bedenken, sie wollen einen Hund kaufen und nicht ein Kind adoptieren.<br>Das wiederum missf\u00e4llt unserem Z\u00fcchter doch sehr.<br>Schlie\u00dflich adoptieren sie doch gerade eines seiner Kinder, zumindest empfindet er es so, nach all diesen Sorgen und Anstrengungen um die Kleinen.<br>Somit sind die ersten Interessenten erst mal beim Hundetauglichkeitstest durchgefallen und m\u00fcssen unverrichteter Dinge wieder nach Hause.<br>Allerdings ist aber damit auch der ganze Nachmittag weg, und Kaffee und Kuchen auch.<br>Er nimmt sich vor, alles demn\u00e4chst schon mal am Telefon abzuchecken.<\/p>\n\n\n\n<p>Gesagt, getan.<\/p>\n\n\n\n<p>Die n\u00e4chsten Interessenten stellen sich vor.<br>Bereits vorgepr\u00fcft mit guten Voraussetzungen einen Welpen zu bekommen.<br>Alle Fragen des Z\u00fcchters konnten sie zu seiner Befriedigung beantworten.<br>Nun aber haben die Interessenten noch einige Fragen: Ob die Eltern gesund seien, wie alt die Gro\u00dfeltern geworden sind und an was sie gestorben seien.<\/p>\n\n\n\n<p>Ihnen sei besonders wichtig, dass der Z\u00fcchter Ihnen eine Garantie auf die zuk\u00fcnftige Gesundheit des Welpen gebe, schlie\u00dflich erh\u00e4lt man doch auf jede Ware so eine Art Garantie.<br>Ware-Garantie ?!<\/p>\n\n\n\n<p>Meine Welpen sind Lebewesen und keine Ware !<br>Wie kann man auf ein Lebewesen denn Garantie geben ???<br>F\u00e4llt unserem Z\u00fcchter dazu nur ein.<br>Nein auch solche Leute sind nicht geeignet.<\/p>\n\n\n\n<p>Der Kaffeevorrat wird aufgestockt und Kuchen neu bevorratet.<br>Und irgendwann sind dann endlich die richtigen K\u00e4ufer gefunden.<br>Die Leute die einen Hund aus Liebe zu dieser Rasse haben m\u00f6chten und ihn so akzeptieren werden wie er ist.<\/p>\n\n\n\n<p>Sie kommen den Welpen nun regelm\u00e4\u00dfig besuchen, nat\u00fcrlich mit der ganzen Familie, einschlie\u00dflich Oma und Opa.<\/p>\n\n\n\n<p>Die Wohnung sieht nach solchen Besuchen zwar aus als habe eine Bombe eingeschlagen, aber man m\u00f6chte ja auch wissen, wie die neue Familie mit dem Hundekind umgeht.<\/p>\n\n\n\n<p>Unser Z\u00fcchter f\u00fchlt sich jetzt doch schon etwas urlaubsreif.<\/p>\n\n\n\n<p>Dauernd Besuch, Anrufer die sich nach den Kleinen erkundigen, vorher Wohnung und Hundezimmer aufr\u00e4umen, die Kleinen und die Mama f\u00fcttern\u2026 \u2026<\/p>\n\n\n\n<p>Er hat sowieso das Gef\u00fchl das mehr aus den Welpen hinten herauskommt, als er oben reinf\u00fcttert.<br>Besonders morgens, wenn er in sein Hundezimmer kommt hilft nur eins: T\u00fcre auf-Welpen raus, T\u00fcr schnell zu und H\u00e4ufchen einsammeln, die schon fast wie kleine Berge aussehen.<br>Decken, Spielzeug, Fresssch\u00fcsseln, einfach alles, ist kreuz und quer im Zimmer verteilt und dementsprechend verunreinigt.<\/p>\n\n\n\n<p>Seinen Sinn f\u00fcr Ordnung und Sch\u00f6nheit scheinen die Kleinen nicht teilen zu wollen.<br>Aber egal, Hauptsache sie f\u00fchlen sich wohl.<\/p>\n\n\n\n<p>Tages\u00fcber tollen sie drau\u00dfen herum und erobern die Welt. Nicht ohne Folgen, denn pl\u00f6tzlich humpelt einer der W\u00fcstlinge. Und wieder mal ab zum Tierarzt.<br>Gottlob aber nichts Ernstes.<\/p>\n\n\n\n<p>Unserem Z\u00fcchter ist keine Ruhe verg\u00f6nnt.<br>In den n\u00e4chsten Tagen hat ein anderer Welpe ein zugeschwollenes Gesicht und sieht zum F\u00fcrchten aus.<\/p>\n\n\n\n<p>Nach einer Spritze vom Tierarzt nimmt er dann aber relativ schnell wieder normale Formen an.<br>War wohl nur gestochen worden.<\/p>\n\n\n\n<p>Bei dieser Gelegenheit wird gleich ein Termin ausgemacht, an dem die Welpen gechipt und geimpft werden sollen.<\/p>\n\n\n\n<p>Ach ja, und ein letztes Mal entwurmen muss ja auch nochmal sein, obwohl er doch dachte, diese teure Riesentube die er bereits vorher besorgt hatte, w\u00fcrde ausreichen.<\/p>\n\n\n\n<p>Auf der Soll-Seite seines kleinen Heftchens ist schon bald kein Platz mehr.<br>Gechipt, mehrfach entwurmt und geimpft fehlt nur noch die Wurfabnahme durch den Zuchtwart, damit die Kleinen zu ihren neuen Besitzern k\u00f6nnen.<\/p>\n\n\n\n<p>Dieser hat am Entwicklungszustand und der Aufzucht der Welpen nichts auszusetzen.<\/p>\n\n\n\n<p>Er bekommt vom Z\u00fcchter das Kilometergeld f\u00fcr die dreimalige Wurfbesichtigung und die Wurfabnahmegeb\u00fchr und endlich, endlich naht nun der Tag, an dem er etwas auf der Haben Seite seines<br>Buches eintragen kann.<\/p>\n\n\n\n<p>Die Welpen werden abgeholt.<br>Bei jedem einzelnen wird es dem Z\u00fcchter schwer ums Herz.<br>Noch einmal durchlebt er all die Sorgen, schlaflosen N\u00e4chte und auch all das Sch\u00f6ne, dass ihm mit diesem Wurf widerfahren ist.<\/p>\n\n\n\n<p>Gef\u00fchle, die mit Geldwert nicht aufzuwiegen sind.<br>Er hofft nur, dass es jedem einzelnen Hundekind in seinem Hundeleben gut gehen wird und die neuen Besitzer genauso f\u00fcrsorglich mit ihnen umgehen wie er es selbst getan hat.<\/p>\n\n\n\n<p>Nachdem die erste Trauer verflogen ist, holt er sein Buch raus und addiert seine sorgf\u00e4ltig aufgef\u00fchrten Ausgaben.<\/p>\n\n\n\n<p>Da ist eine ganze Menge zusammengekommen, aber immerhin ein klein wenig ist ihm an \u00dcberschuss geblieben.<br>Er beschlie\u00dft, davon mit seiner Familie gemeinsam Essen zu gehen, um sie daf\u00fcr ein wenig zu entsch\u00e4digen, dass alles w\u00e4hrend der letzten Wochen zu kurz gekommen ist.<\/p>\n\n\n\n<p>Sein Soll- und Habenbuch ist wieder auf null.<br>Er tr\u00f6stet sich damit, dass ja alles noch h\u00e4tte schlimmer kommen k\u00f6nnen und er ja eigentlich Gl\u00fcck hatte, nicht noch zus\u00e4tzlich einen Kaiserschnitt oder eine Infektionskrankheit der Welpen in<br>Kauf nehmen zu m\u00fcssen.<\/p>\n\n\n\n<p>Als einige Wochen sp\u00e4ter die Ahnentafeln und die Rechnung daf\u00fcr ins Haus flattern, \u00e4rgert er sich noch einmal.<br>Das hatte er in seiner Kalkulation ganz vergessen.<\/p>\n\n\n\n<p>Und wenn er zu diesem Zeitpunkt schon gewusst h\u00e4tte, dass noch eine riesige Stromnachzahlung auf ihn wartete, weil er es den Welpen so mollig warm gemacht hatte, w\u00e4re es nicht nur \u00c4rger,<br>sondern Wut geworden.<\/p>\n\n\n\n<p>Aber so dosiert war es zu ertragen.<br>Und wenn er nicht das Handtuch geworfen hat, wird er vielleicht noch einmal Welpen haben, aber nie mehr \u00fcber die Welpenpreise meckern<\/p>\n\n\n\n<p>(Ute Fr\u00f6hlich) <\/p>\n","protected":false},"excerpt":{"rendered":"<p>Das M\u00e4rchen \u2026 Macht sich der K\u00e4ufer jemals klar, was wir ihm \u00fcbergeben ?Er rechnet kurz, bezahlt in bar, ein St\u00fcck aus unserem Leben ! Das M\u00e4rchen wie man sich als Z\u00fcchter eine goldene Nase verdient. Z\u00fcchter werden ist nicht&#8230; <a class=\"more-link\" href=\"https:\/\/vom-klenna-xiberg.at\/index.php\/was-zum-nachdenken\/\">Weiterlesen &rarr;<\/a><\/p>\n","protected":false},"author":2,"featured_media":0,"parent":0,"menu_order":0,"comment_status":"closed","ping_status":"closed","template":"","meta":{"footnotes":""},"class_list":["post-297","page","type-page","status-publish","hentry"],"_links":{"self":[{"href":"https:\/\/vom-klenna-xiberg.at\/index.php\/wp-json\/wp\/v2\/pages\/297","targetHints":{"allow":["GET"]}}],"collection":[{"href":"https:\/\/vom-klenna-xiberg.at\/index.php\/wp-json\/wp\/v2\/pages"}],"about":[{"href":"https:\/\/vom-klenna-xiberg.at\/index.php\/wp-json\/wp\/v2\/types\/page"}],"author":[{"embeddable":true,"href":"https:\/\/vom-klenna-xiberg.at\/index.php\/wp-json\/wp\/v2\/users\/2"}],"replies":[{"embeddable":true,"href":"https:\/\/vom-klenna-xiberg.at\/index.php\/wp-json\/wp\/v2\/comments?post=297"}],"version-history":[{"count":1,"href":"https:\/\/vom-klenna-xiberg.at\/index.php\/wp-json\/wp\/v2\/pages\/297\/revisions"}],"predecessor-version":[{"id":299,"href":"https:\/\/vom-klenna-xiberg.at\/index.php\/wp-json\/wp\/v2\/pages\/297\/revisions\/299"}],"wp:attachment":[{"href":"https:\/\/vom-klenna-xiberg.at\/index.php\/wp-json\/wp\/v2\/media?parent=297"}],"curies":[{"name":"wp","href":"https:\/\/api.w.org\/{rel}","templated":true}]}}