{"id":22,"date":"2020-11-24T13:34:12","date_gmt":"2020-11-24T13:34:12","guid":{"rendered":"http:\/\/vom-klenna-xiberg.at\/?page_id=22"},"modified":"2020-11-24T13:38:04","modified_gmt":"2020-11-24T13:38:04","slug":"entlebucher-sennenhund","status":"publish","type":"page","link":"https:\/\/vom-klenna-xiberg.at\/index.php\/entlebucher-sennenhund\/","title":{"rendered":"Entlebucher Sennenhund"},"content":{"rendered":"\t\t<div data-elementor-type=\"wp-page\" data-elementor-id=\"22\" class=\"elementor elementor-22\">\n\t\t\t\t\t\t<section class=\"elementor-section elementor-top-section elementor-element elementor-element-e5a516b elementor-section-boxed elementor-section-height-default elementor-section-height-default\" data-id=\"e5a516b\" data-element_type=\"section\" data-e-type=\"section\">\n\t\t\t\t\t\t<div class=\"elementor-container elementor-column-gap-default\">\n\t\t\t\t\t<div class=\"elementor-column elementor-col-100 elementor-top-column elementor-element elementor-element-e4c150e\" data-id=\"e4c150e\" data-element_type=\"column\" data-e-type=\"column\">\n\t\t\t<div class=\"elementor-widget-wrap elementor-element-populated\">\n\t\t\t\t\t\t<div class=\"elementor-element elementor-element-1f08ee3 elementor-widget elementor-widget-text-editor\" data-id=\"1f08ee3\" data-element_type=\"widget\" data-e-type=\"widget\" data-widget_type=\"text-editor.default\">\n\t\t\t\t<div class=\"elementor-widget-container\">\n\t\t\t\t\t\t\t\t\t<h2>Geschichte<\/h2><p>Die urspr\u00fcngliche Heimat des Entlebucher Sennenhundes liegt in den T\u00e4lern der Entlen sowie der kleinen und gro\u00dfen Emme in den Schweizer Kantonen Luzern und Bern. Bei den dort ans\u00e4ssigen Bauern und Sennen machte er sich nicht nur als H\u00fcter und Treiber von Schaf- und Viehherden verdient, sondern auch als zuverl\u00e4ssiger W\u00e4chter und Besch\u00fctzer des b\u00e4uerlichen Besitzes.<\/p><p>1889 wurde die Rasse erstmalig unter dem Namen \u201eEntlebucherhund\u201c erw\u00e4hnt, 1914 wurden die ersten f\u00fcnf Entlebucher in das Schweizerische Hundestammbuch (SHSB) eingetragen. Allerdings wurde in den darauffolgenden Jahren kaum ein Unterschied zwischen Appenzeller und Entlebucher Sennenhund gemacht. Der Beginn der Reinzucht ist vor allem dem Schweizer Kynologen Dr. B. Kobler zu verdanken, auf dessen Initiative hin sich 1926 der Schweizerische \u201eKlub f\u00fcr Entlebucher Sennenhunde\u201c gr\u00fcndete. Trotz der Bem\u00fchungen von Dr. Kobler, der nach dem Ersten Weltkrieg begonnen hatte, nach geeigneten Entlebucher Zuchthunden Ausschau zu halten, entwickelte sich die Rasse jedoch nur schleppend, was die geringe Zahl der Eintragungen im Hundestammbuch belegen.<\/p><p>Der Entlebucher Sennenhund ist der Kleinste unter den Sennenhunderassen und besitzt ebenso wie seine drei \u201eBr\u00fcder\u201c die typisch dreifarbige Zeichnung. Trotz seiner Kompaktheit ist er sehr flink und wendig. Als ehemaliger H\u00fcte- und Treibhund braucht er auch als Familienhund ausreichend Bewegung und Besch\u00e4ftigung.<\/p><h2>Erscheinungsbild<\/h2><p>Mit einer Widerristh\u00f6he von 44 bis 52 cm bei R\u00fcden und 42 bis 50 cm bei H\u00fcndinnen ist der Entlebucher ein Hund von mittlerer Gr\u00f6\u00dfe.<\/p><p>Anders als das lange Haar des ber\u00fchmten Berner Sennenhund, ist das Fell des Entlebuchers kurz und stockhaarig. Es liegt fest an und betont durch seine harte, gl\u00e4nzende Struktur den kr\u00e4ftig-muskul\u00f6sen K\u00f6rperbau, der mit dem ungew\u00f6hnlich langen R\u00fccken ein leicht gestrecktes Format besitzt. Trotz des nicht zu untersch\u00e4tzenden Gewichts von 20 bis 30 kg, das dem Entlebucher einen leicht gedrungenen und st\u00e4mmigen Eindruck verleiht, ist dieser Rassehund au\u00dferordentlich schnell und beweglich.<\/p><p>\u00a0<\/p><h2>Attraktiver Hund in Tricolor<\/h2><p>Das verbindenste \u00e4u\u00dfere Element zwischen den vier Schweizer Berghunden ist sicherlich die charakteristische Dreifarbigkeit ihres Fells. Wie ein Mantel legt sich die schwarze Grundfarbe dabei \u00fcber Rumpf, Hals, Kopf und Rute und bildet damit einen attraktiven Kontrast zu den wei\u00dfen und braunroten Abzeichen, die symmetrisch von der Stirn bis zur Brust reichen. Typisch f\u00fcr den Sennenhund sind dar\u00fcber hinaus die \u201edoppelten Augen\u201c, die durch die braunroten Flecken \u00fcber den Augen entstehen.<\/p><p>\u00a0<\/p><p>\u00a0<\/p><h2>Ein H\u00fcte.- oder Treibhund als Familienhund?<\/h2><p>Nichtsdestotrotz ist und bleibt der Entlebucher im Grunde seines Herzens ein H\u00fctehund, dessen oberste Pflicht der Schutz seiner \u201eHerde\u201c ist. So gutm\u00fctig und herzlich er sich im Kreise seiner Familie zeigt, so unnahbar und misstrauisch pr\u00e4sentiert er sich Fremden gegen\u00fcber, die sein Territorium betreten m\u00f6chten. Lauthals bellend wird er die Anwesenheit des Besuchs melden und ihm unmissverst\u00e4ndlich zeigen, dass er sie jederzeit in seinem wachsamen Blick hat. Mit einer fr\u00fchen Sozialisation\u00a0und konsequenten Erziehung\u00a0gelingt es aber, seinen nat\u00fcrlichen H\u00fcte- und Schutztrieb in den Griff zu bekommen und ihm beizubringen, dass die fremden G\u00e4ste im Haus willkommen sind.<\/p><p>\u00a0<\/p><h2>Zucht und Gesundheit<\/h2><p>Trotz des z\u00f6gerlichen Beginns und der erneuten R\u00fcckschl\u00e4ge im Verlauf des Zweiten Weltkrieges konnte sich der Entlebucher als eigenst\u00e4ndige Hunderasse etablieren. Heute ist sie, neben seiner Heimat der Schweiz, vor allem in Deutschland und \u00d6sterreich anzutreffen, aber auch in Amerika und anderen europ\u00e4ischen L\u00e4ndern hat sie ihre Liebhaber gefunden. Im Vergleich zu anderen Hunderassen, etwa dem Berner Sennenhund, geh\u00f6rt der Entlebucher nach wie vor allerdings zu den eher seltenen Hunderassen.<\/p><p>\u00a0<\/p><p>\u00a0<\/p><h2>Erh\u00f6htes Risiko f\u00fcr Erbkrankheiten in Risikozuchten<\/h2><p>Die \u00fcberschaubare Population und die damit verbundene geringe Anzahl geeigneter Zuchthunde haben auch Auswirkungen auf die Gesundheit der Rasse. Besonders in so genannten \u201eRisikozuchten\u201c, bei denen weniger auf die Gesundheit denn auf \u00e4u\u00dferliche Merkmale geachtet wird, kann die fehlende genetische Variabilit\u00e4t zu einer Vielzahl von Erbkrankheiten f\u00fchren.\u00a0<\/p><p>\u00a0<\/p><p>Die rassetypischen Krankheiten sind<\/p><p>\u00a0\u00a0\u00a0<\/p><p>HD &#8211; H\u00fcftgelenksdysplasie\u00a0<\/p><p>eU \u2013 ektopische Ureteren<\/p><p>PRA \u2013 Progressive Retinaatrophie<\/p><p>Goniodysplasie \u2013<\/p><p>\u00a0<\/p><p>\u00a0<\/p><h2>Kein Hund f\u00fcr Langweiler<\/h2><p>Sicherlich wird Ihnen im Zusammenleben mit Ihrem Hund einiges einfallen, womit Sie Ihren aufgeweckten Vierbeiner besch\u00e4ftigen k\u00f6nnen. Klar ist, dieser Hund ist kein \u201eLangweiler\u201c und kein Hund f\u00fcr Sportmuffel. Auch wenn Sie Ihrem Entlebucher hinsichtlich seines Energielevels und seiner Ausdauer niemals das Wasser reichen k\u00f6nnen, so sollten Sie doch zumindest seine Freude an der Bewegung und den gemeinsamen Aktivit\u00e4ten teilen.<\/p><p>Dennoch ist es \u00fcberaus wichtig, da\u00df Ihr Hund lernt runter zu fahren Ruhe zu halten.<\/p><p>\u00a0<\/p><p>\u00a0<\/p>\t\t\t\t\t\t\t\t<\/div>\n\t\t\t\t<\/div>\n\t\t\t\t\t<\/div>\n\t\t<\/div>\n\t\t\t\t\t<\/div>\n\t\t<\/section>\n\t\t\t\t<\/div>\n\t\t","protected":false},"excerpt":{"rendered":"<p>Geschichte Die urspr\u00fcngliche Heimat des Entlebucher Sennenhundes liegt in den T\u00e4lern der Entlen sowie der kleinen und gro\u00dfen Emme in den Schweizer Kantonen Luzern und Bern. Bei den dort ans\u00e4ssigen Bauern und Sennen machte er sich nicht nur als H\u00fcter&#8230; <a class=\"more-link\" href=\"https:\/\/vom-klenna-xiberg.at\/index.php\/entlebucher-sennenhund\/\">Weiterlesen &rarr;<\/a><\/p>\n","protected":false},"author":1,"featured_media":0,"parent":0,"menu_order":0,"comment_status":"closed","ping_status":"closed","template":"","meta":{"footnotes":""},"class_list":["post-22","page","type-page","status-publish","hentry"],"_links":{"self":[{"href":"https:\/\/vom-klenna-xiberg.at\/index.php\/wp-json\/wp\/v2\/pages\/22","targetHints":{"allow":["GET"]}}],"collection":[{"href":"https:\/\/vom-klenna-xiberg.at\/index.php\/wp-json\/wp\/v2\/pages"}],"about":[{"href":"https:\/\/vom-klenna-xiberg.at\/index.php\/wp-json\/wp\/v2\/types\/page"}],"author":[{"embeddable":true,"href":"https:\/\/vom-klenna-xiberg.at\/index.php\/wp-json\/wp\/v2\/users\/1"}],"replies":[{"embeddable":true,"href":"https:\/\/vom-klenna-xiberg.at\/index.php\/wp-json\/wp\/v2\/comments?post=22"}],"version-history":[{"count":4,"href":"https:\/\/vom-klenna-xiberg.at\/index.php\/wp-json\/wp\/v2\/pages\/22\/revisions"}],"predecessor-version":[{"id":46,"href":"https:\/\/vom-klenna-xiberg.at\/index.php\/wp-json\/wp\/v2\/pages\/22\/revisions\/46"}],"wp:attachment":[{"href":"https:\/\/vom-klenna-xiberg.at\/index.php\/wp-json\/wp\/v2\/media?parent=22"}],"curies":[{"name":"wp","href":"https:\/\/api.w.org\/{rel}","templated":true}]}}