{"id":17,"date":"2020-11-24T13:32:35","date_gmt":"2020-11-24T13:32:35","guid":{"rendered":"http:\/\/vom-klenna-xiberg.at\/?page_id=17"},"modified":"2025-02-05T19:10:44","modified_gmt":"2025-02-05T19:10:44","slug":"aktuelles","status":"publish","type":"page","link":"https:\/\/vom-klenna-xiberg.at\/index.php\/aktuelles\/","title":{"rendered":"Aktuelles"},"content":{"rendered":"\t\t<div data-elementor-type=\"wp-page\" data-elementor-id=\"17\" class=\"elementor elementor-17\">\n\t\t\t\t\t\t<section class=\"elementor-section elementor-top-section elementor-element elementor-element-e837f22 elementor-section-boxed elementor-section-height-default elementor-section-height-default\" data-id=\"e837f22\" data-element_type=\"section\" data-e-type=\"section\">\n\t\t\t\t\t\t<div class=\"elementor-container elementor-column-gap-default\">\n\t\t\t\t\t<div class=\"elementor-column elementor-col-100 elementor-top-column elementor-element elementor-element-03f60ec\" data-id=\"03f60ec\" data-element_type=\"column\" data-e-type=\"column\">\n\t\t\t<div class=\"elementor-widget-wrap elementor-element-populated\">\n\t\t\t\t\t\t<div class=\"elementor-element elementor-element-35bf033 elementor-widget elementor-widget-image\" data-id=\"35bf033\" data-element_type=\"widget\" data-e-type=\"widget\" data-widget_type=\"image.default\">\n\t\t\t\t<div class=\"elementor-widget-container\">\n\t\t\t\t\t\t\t\t\t\t\t\t<figure class=\"wp-caption\">\n\t\t\t\t\t\t\t\t\t\t<img fetchpriority=\"high\" decoding=\"async\" width=\"676\" height=\"992\" src=\"https:\/\/vom-klenna-xiberg.at\/wp-content\/uploads\/2025\/02\/Screenshot_20250201_191925_Gallery-698x1024.jpg\" class=\"attachment-large size-large wp-image-398\" alt=\"\" srcset=\"https:\/\/vom-klenna-xiberg.at\/wp-content\/uploads\/2025\/02\/Screenshot_20250201_191925_Gallery-698x1024.jpg 698w, https:\/\/vom-klenna-xiberg.at\/wp-content\/uploads\/2025\/02\/Screenshot_20250201_191925_Gallery-204x300.jpg 204w, https:\/\/vom-klenna-xiberg.at\/wp-content\/uploads\/2025\/02\/Screenshot_20250201_191925_Gallery-768x1127.jpg 768w, https:\/\/vom-klenna-xiberg.at\/wp-content\/uploads\/2025\/02\/Screenshot_20250201_191925_Gallery-1047x1536.jpg 1047w, https:\/\/vom-klenna-xiberg.at\/wp-content\/uploads\/2025\/02\/Screenshot_20250201_191925_Gallery-600x881.jpg 600w, https:\/\/vom-klenna-xiberg.at\/wp-content\/uploads\/2025\/02\/Screenshot_20250201_191925_Gallery-945x1387.jpg 945w, https:\/\/vom-klenna-xiberg.at\/wp-content\/uploads\/2025\/02\/Screenshot_20250201_191925_Gallery.jpg 1080w\" sizes=\"(max-width: 676px) 100vw, 676px\" \/>\t\t\t\t\t\t\t\t\t\t\t<figcaption class=\"widget-image-caption wp-caption-text\">Flora mit 6 Monaten<\/figcaption>\n\t\t\t\t\t\t\t\t\t\t<\/figure>\n\t\t\t\t\t\t\t\t\t<\/div>\n\t\t\t\t<\/div>\n\t\t\t\t\t<\/div>\n\t\t<\/div>\n\t\t\t\t\t<\/div>\n\t\t<\/section>\n\t\t\t\t<section class=\"elementor-section elementor-top-section elementor-element elementor-element-3ba5780 elementor-section-boxed elementor-section-height-default elementor-section-height-default\" data-id=\"3ba5780\" data-element_type=\"section\" data-e-type=\"section\">\n\t\t\t\t\t\t<div class=\"elementor-container elementor-column-gap-default\">\n\t\t\t\t\t<div class=\"elementor-column elementor-col-100 elementor-top-column elementor-element elementor-element-b89f9a8\" data-id=\"b89f9a8\" data-element_type=\"column\" data-e-type=\"column\">\n\t\t\t<div class=\"elementor-widget-wrap elementor-element-populated\">\n\t\t\t\t\t\t<div class=\"elementor-element elementor-element-15988da elementor-widget elementor-widget-text-editor\" data-id=\"15988da\" data-element_type=\"widget\" data-e-type=\"widget\" data-widget_type=\"text-editor.default\">\n\t\t\t\t<div class=\"elementor-widget-container\">\n\t\t\t\t\t\t\t\t\t<p>Unsere Flora wird aller Voraussicht nach, im September 2025 die Zuchttauglichkeitspr\u00fcfung ablegen. Wenn alles gut geht, wird wir der C Wurf f\u00fcr das Fr\u00fchjahr 2026 in Planung gehen.<\/p>\t\t\t\t\t\t\t\t<\/div>\n\t\t\t\t<\/div>\n\t\t\t\t\t<\/div>\n\t\t<\/div>\n\t\t\t\t\t<\/div>\n\t\t<\/section>\n\t\t\t\t<section class=\"elementor-section elementor-top-section elementor-element elementor-element-e45d030 elementor-section-boxed elementor-section-height-default elementor-section-height-default\" data-id=\"e45d030\" data-element_type=\"section\" data-e-type=\"section\">\n\t\t\t\t\t\t<div class=\"elementor-container elementor-column-gap-default\">\n\t\t\t\t\t<div class=\"elementor-column elementor-col-100 elementor-top-column elementor-element elementor-element-7d520db\" data-id=\"7d520db\" data-element_type=\"column\" data-e-type=\"column\">\n\t\t\t<div class=\"elementor-widget-wrap elementor-element-populated\">\n\t\t\t\t\t\t<div class=\"elementor-element elementor-element-cb8b06a elementor-widget elementor-widget-text-editor\" data-id=\"cb8b06a\" data-element_type=\"widget\" data-e-type=\"widget\" data-widget_type=\"text-editor.default\">\n\t\t\t\t<div class=\"elementor-widget-container\">\n\t\t\t\t\t\t\t\t\t<p><strong>Das ganze ist n\u00e4mlich so<\/strong> \ud83d\ude0a<\/p><p>Man hat einen s\u00fc\u00dfen Welpen, der im Laufe seines Heranwachsens alle gesundheitlichen und wesenstechnischen Voraussetzungen erf\u00fcllen muss. Das Warten beginnt&#8230;.<\/p><p>Wenn dann noch die Zuchttauglichkeitspr\u00fcfung (K\u00f6rung) bestanden wurde, beginnt die Suche nach dem geeigneten Partner. Zuerst wartet man auf die L\u00e4ufigkeit. Tja, ist dann die H\u00fcndin endlich l\u00e4ufig wartet man schon wieder und zwar auf den Deckzeitpunkt. Ein bisschen Ablenkung findet man nur indem man st\u00e4ndig \u00fcberpr\u00fcft wie weit die H\u00fcndin gerade ist. Wurde nun der richtige Zeitpunkt zum Decken gefunden und hat das Decken ohne Probleme stattgefunden wartet man schon wieder. Die Frage ist sie nun tr\u00e4chtig oder nicht, kann wieder erst mit Warten und dann vielleicht einem Ultraschall gekl\u00e4rt werden. Wenn es dann geklappt hat und die H\u00fcndin tragend ist, folgt die n\u00e4chste Wartezeit, bis der Wurf endlich da ist. Es folgen etliche anstrengende Wochen. Sind die Welpen dann gl\u00fccklich zu ihren neuen Besitzern gezogen kann Ruhe einkehren. Eine Pause von einer L\u00e4ufigkeit ist f\u00fcr H\u00fcndin und Z\u00fcchter dringend notwendig. Na und dann beginnt das ganze Warten wieder von vorne.<\/p><p>Aber wie geht es ernsthaften Interessenten? Eigentlich genauso! Sie fiebern auch so wie der Z\u00fcchter.<\/p><p>Schlie\u00dflich lohnt sich aber das ganze Warten \u2665\ufe0f<\/p>\t\t\t\t\t\t\t\t<\/div>\n\t\t\t\t<\/div>\n\t\t\t\t\t<\/div>\n\t\t<\/div>\n\t\t\t\t\t<\/div>\n\t\t<\/section>\n\t\t\t\t<\/div>\n\t\t","protected":false},"excerpt":{"rendered":"<p>Flora mit 6 Monaten Unsere Flora wird aller Voraussicht nach, im September 2025 die Zuchttauglichkeitspr\u00fcfung ablegen. Wenn alles gut geht, wird wir der C Wurf f\u00fcr das Fr\u00fchjahr 2026 in Planung gehen. Das ganze ist n\u00e4mlich so \ud83d\ude0a Man hat&#8230; <a class=\"more-link\" href=\"https:\/\/vom-klenna-xiberg.at\/index.php\/aktuelles\/\">Weiterlesen &rarr;<\/a><\/p>\n","protected":false},"author":1,"featured_media":0,"parent":0,"menu_order":0,"comment_status":"closed","ping_status":"closed","template":"","meta":{"footnotes":""},"class_list":["post-17","page","type-page","status-publish","hentry"],"_links":{"self":[{"href":"https:\/\/vom-klenna-xiberg.at\/index.php\/wp-json\/wp\/v2\/pages\/17","targetHints":{"allow":["GET"]}}],"collection":[{"href":"https:\/\/vom-klenna-xiberg.at\/index.php\/wp-json\/wp\/v2\/pages"}],"about":[{"href":"https:\/\/vom-klenna-xiberg.at\/index.php\/wp-json\/wp\/v2\/types\/page"}],"author":[{"embeddable":true,"href":"https:\/\/vom-klenna-xiberg.at\/index.php\/wp-json\/wp\/v2\/users\/1"}],"replies":[{"embeddable":true,"href":"https:\/\/vom-klenna-xiberg.at\/index.php\/wp-json\/wp\/v2\/comments?post=17"}],"version-history":[{"count":47,"href":"https:\/\/vom-klenna-xiberg.at\/index.php\/wp-json\/wp\/v2\/pages\/17\/revisions"}],"predecessor-version":[{"id":422,"href":"https:\/\/vom-klenna-xiberg.at\/index.php\/wp-json\/wp\/v2\/pages\/17\/revisions\/422"}],"wp:attachment":[{"href":"https:\/\/vom-klenna-xiberg.at\/index.php\/wp-json\/wp\/v2\/media?parent=17"}],"curies":[{"name":"wp","href":"https:\/\/api.w.org\/{rel}","templated":true}]}}