{"id":10,"date":"2020-11-24T13:27:50","date_gmt":"2020-11-24T13:27:50","guid":{"rendered":"http:\/\/vom-klenna-xiberg.at\/?page_id=10"},"modified":"2025-02-05T20:16:16","modified_gmt":"2025-02-05T20:16:16","slug":"elementor-10","status":"publish","type":"page","link":"https:\/\/vom-klenna-xiberg.at\/","title":{"rendered":"Startseite"},"content":{"rendered":"\t\t<div data-elementor-type=\"wp-page\" data-elementor-id=\"10\" class=\"elementor elementor-10\">\n\t\t\t\t\t\t<section class=\"elementor-section elementor-top-section elementor-element elementor-element-8c911fc elementor-section-boxed elementor-section-height-default elementor-section-height-default\" data-id=\"8c911fc\" data-element_type=\"section\" data-e-type=\"section\">\n\t\t\t\t\t\t<div class=\"elementor-container elementor-column-gap-default\">\n\t\t\t\t\t<div class=\"elementor-column elementor-col-100 elementor-top-column elementor-element elementor-element-6595e9d\" data-id=\"6595e9d\" data-element_type=\"column\" data-e-type=\"column\">\n\t\t\t<div class=\"elementor-widget-wrap elementor-element-populated\">\n\t\t\t\t\t\t<div class=\"elementor-element elementor-element-4f2d934 elementor-widget elementor-widget-heading\" data-id=\"4f2d934\" data-element_type=\"widget\" data-e-type=\"widget\" data-widget_type=\"heading.default\">\n\t\t\t\t<div class=\"elementor-widget-container\">\n\t\t\t\t\t<h2 class=\"elementor-heading-title elementor-size-default\">Herzlich Willkommen!<\/h2>\t\t\t\t<\/div>\n\t\t\t\t<\/div>\n\t\t\t\t\t<\/div>\n\t\t<\/div>\n\t\t\t\t\t<\/div>\n\t\t<\/section>\n\t\t\t\t<section class=\"elementor-section elementor-top-section elementor-element elementor-element-2909980 elementor-section-boxed elementor-section-height-default elementor-section-height-default\" data-id=\"2909980\" data-element_type=\"section\" data-e-type=\"section\">\n\t\t\t\t\t\t<div class=\"elementor-container elementor-column-gap-default\">\n\t\t\t\t\t<div class=\"elementor-column elementor-col-100 elementor-top-column elementor-element elementor-element-af90399\" data-id=\"af90399\" data-element_type=\"column\" data-e-type=\"column\">\n\t\t\t<div class=\"elementor-widget-wrap elementor-element-populated\">\n\t\t\t\t\t\t<div class=\"elementor-element elementor-element-0c4aaf1 elementor-widget elementor-widget-text-editor\" data-id=\"0c4aaf1\" data-element_type=\"widget\" data-e-type=\"widget\" data-widget_type=\"text-editor.default\">\n\t\t\t\t<div class=\"elementor-widget-container\">\n\t\t\t\t\t\t\t\t\t<p>Wir freuen uns, da\u00df Sie auf unsere Seite aufmerksam geworden sind und w\u00fcnschen Ihnen viel Spa\u00df beim St\u00f6bern auf den n\u00e4chsten Seiten.<\/p>\n<p>Anja, Alexi &amp; Flora<\/p>\t\t\t\t\t\t\t\t<\/div>\n\t\t\t\t<\/div>\n\t\t\t\t\t<\/div>\n\t\t<\/div>\n\t\t\t\t\t<\/div>\n\t\t<\/section>\n\t\t\t\t<section class=\"elementor-section elementor-top-section elementor-element elementor-element-1d970bb elementor-section-boxed elementor-section-height-default elementor-section-height-default\" data-id=\"1d970bb\" data-element_type=\"section\" data-e-type=\"section\">\n\t\t\t\t\t\t<div class=\"elementor-container elementor-column-gap-default\">\n\t\t\t\t\t<div class=\"elementor-column elementor-col-100 elementor-top-column elementor-element elementor-element-187f5e4\" data-id=\"187f5e4\" data-element_type=\"column\" data-e-type=\"column\">\n\t\t\t<div class=\"elementor-widget-wrap elementor-element-populated\">\n\t\t\t\t\t\t<div class=\"elementor-element elementor-element-762f88b elementor-widget elementor-widget-image\" data-id=\"762f88b\" data-element_type=\"widget\" data-e-type=\"widget\" data-widget_type=\"image.default\">\n\t\t\t\t<div class=\"elementor-widget-container\">\n\t\t\t\t\t\t\t\t\t\t\t\t\t\t\t<img fetchpriority=\"high\" decoding=\"async\" width=\"676\" height=\"670\" src=\"https:\/\/vom-klenna-xiberg.at\/wp-content\/uploads\/2025\/02\/Screenshot_20250205_182953_Facebook-1024x1015.jpg\" class=\"attachment-large size-large wp-image-410\" alt=\"\" srcset=\"https:\/\/vom-klenna-xiberg.at\/wp-content\/uploads\/2025\/02\/Screenshot_20250205_182953_Facebook-1024x1015.jpg 1024w, https:\/\/vom-klenna-xiberg.at\/wp-content\/uploads\/2025\/02\/Screenshot_20250205_182953_Facebook-300x297.jpg 300w, https:\/\/vom-klenna-xiberg.at\/wp-content\/uploads\/2025\/02\/Screenshot_20250205_182953_Facebook-150x150.jpg 150w, https:\/\/vom-klenna-xiberg.at\/wp-content\/uploads\/2025\/02\/Screenshot_20250205_182953_Facebook-768x761.jpg 768w, https:\/\/vom-klenna-xiberg.at\/wp-content\/uploads\/2025\/02\/Screenshot_20250205_182953_Facebook-600x594.jpg 600w, https:\/\/vom-klenna-xiberg.at\/wp-content\/uploads\/2025\/02\/Screenshot_20250205_182953_Facebook-945x936.jpg 945w, https:\/\/vom-klenna-xiberg.at\/wp-content\/uploads\/2025\/02\/Screenshot_20250205_182953_Facebook.jpg 1080w\" sizes=\"(max-width: 676px) 100vw, 676px\" \/>\t\t\t\t\t\t\t\t\t\t\t\t\t\t\t<\/div>\n\t\t\t\t<\/div>\n\t\t\t\t\t<\/div>\n\t\t<\/div>\n\t\t\t\t\t<\/div>\n\t\t<\/section>\n\t\t\t\t<\/div>\n\t\t","protected":false},"excerpt":{"rendered":"<p>Herzlich Willkommen! Wir freuen uns, da\u00df Sie auf unsere Seite aufmerksam geworden sind und w\u00fcnschen Ihnen viel Spa\u00df beim St\u00f6bern auf den n\u00e4chsten Seiten. Anja, Alexi &amp; Flora<\/p>\n","protected":false},"author":1,"featured_media":0,"parent":0,"menu_order":0,"comment_status":"closed","ping_status":"closed","template":"","meta":{"footnotes":""},"class_list":["post-10","page","type-page","status-publish","hentry"],"_links":{"self":[{"href":"https:\/\/vom-klenna-xiberg.at\/index.php\/wp-json\/wp\/v2\/pages\/10","targetHints":{"allow":["GET"]}}],"collection":[{"href":"https:\/\/vom-klenna-xiberg.at\/index.php\/wp-json\/wp\/v2\/pages"}],"about":[{"href":"https:\/\/vom-klenna-xiberg.at\/index.php\/wp-json\/wp\/v2\/types\/page"}],"author":[{"embeddable":true,"href":"https:\/\/vom-klenna-xiberg.at\/index.php\/wp-json\/wp\/v2\/users\/1"}],"replies":[{"embeddable":true,"href":"https:\/\/vom-klenna-xiberg.at\/index.php\/wp-json\/wp\/v2\/comments?post=10"}],"version-history":[{"count":15,"href":"https:\/\/vom-klenna-xiberg.at\/index.php\/wp-json\/wp\/v2\/pages\/10\/revisions"}],"predecessor-version":[{"id":441,"href":"https:\/\/vom-klenna-xiberg.at\/index.php\/wp-json\/wp\/v2\/pages\/10\/revisions\/441"}],"wp:attachment":[{"href":"https:\/\/vom-klenna-xiberg.at\/index.php\/wp-json\/wp\/v2\/media?parent=10"}],"curies":[{"name":"wp","href":"https:\/\/api.w.org\/{rel}","templated":true}]}}